{"id":25042,"date":"2020-08-15T16:48:34","date_gmt":"2020-08-15T14:48:34","guid":{"rendered":"http:\/\/wp13235355.server-he.de\/products\/poly-infrastructure\/"},"modified":"2020-08-15T16:48:35","modified_gmt":"2020-08-15T14:48:35","slug":"poly-infrastructure","status":"publish","type":"page","link":"https:\/\/www.mvc.de\/en\/products\/poly-infrastructure\/","title":{"rendered":"Poly Infrastructure"},"content":{"rendered":"<div id='full_slider_1'  class='avia-fullwidth-slider main_color avia-shadow   avia-builder-el-0  el_before_av_three_fourth  avia-builder-el-first   container_wrap fullsize' style=' '  ><div   data-size='no scaling'  data-lightbox_size='large'  data-animation='fade'  data-conditional_play=''  data-ids='24606'  data-video_counter='0'  data-autoplay='false'  data-bg_slider='false'  data-slide_height=''  data-handle='av_slideshow_full'  data-interval='5'  data-class=' image_no_stretch'  data-el_id=''  data-css_id=''  data-scroll_down=''  data-control_layout='av-control-default'  data-custom_markup=''  data-perma_caption=''  data-autoplay_stopper=''  data-image_attachment=''  data-min_height='0px'  data-lazy_loading='disabled'  data-src=''  data-position='top left'  data-repeat='no-repeat'  data-attach='scroll'  data-stretch='image_no_stretch'  class='avia-slideshow avia-slideshow-1  av-control-default av-default-height-applied avia-slideshow-no scaling av_slideshow_full  image_no_stretch avia-fade-slider '  itemprop=\"image\" itemscope=\"itemscope\" itemtype=\"https:\/\/schema.org\/ImageObject\" ><ul class='avia-slideshow-inner ' style='padding-bottom: 38.645833333333%;' ><li  class=' av-single-slide slide-1 ' ><div data-rel='slideshow-1' class='avia-slide-wrap '   ><div class = \"caption_fullwidth av-slideshow-caption caption_bottom\"><div class = \"container caption_container\"><div class = \"slideshow_caption\"><div class = \"slideshow_inner_caption\"><div class = \"slideshow_align_caption\"><h2  style='font-size:50px; ' class='avia-caption-title   av-mini-font-size-overwrite av-mini-font-size-30'  itemprop=\"name\" >Poly Infrastructure<\/h2><div class='avia-caption-content  '  itemprop=\"description\"  ><p>Infrastruktur f\u00fcr Video Collaboration<\/p>\n<\/div><\/div><\/div><\/div><\/div><\/div><img fetchpriority=\"high\" fetchpriority=\"high\" decoding=\"async\" class=\"wp-image-24607 avia-img-lazy-loading-not-24607\"  src=\"https:\/\/www.mvc.de\/wp-content\/uploads\/2020\/08\/mvc-header-videoconferencing-meetings-realpresence-infrastruktur.jpg\" width=\"1920\" height=\"742\" title='mvc-header-videoconferencing-meetings-realpresence-infrastruktur' alt=''  itemprop=\"thumbnailUrl\" srcset=\"https:\/\/www.mvc.de\/wp-content\/uploads\/2020\/08\/mvc-header-videoconferencing-meetings-realpresence-infrastruktur.jpg 1920w, https:\/\/www.mvc.de\/wp-content\/uploads\/2020\/08\/mvc-header-videoconferencing-meetings-realpresence-infrastruktur-300x116.jpg 300w, https:\/\/www.mvc.de\/wp-content\/uploads\/2020\/08\/mvc-header-videoconferencing-meetings-realpresence-infrastruktur-1030x398.jpg 1030w, https:\/\/www.mvc.de\/wp-content\/uploads\/2020\/08\/mvc-header-videoconferencing-meetings-realpresence-infrastruktur-768x297.jpg 768w, https:\/\/www.mvc.de\/wp-content\/uploads\/2020\/08\/mvc-header-videoconferencing-meetings-realpresence-infrastruktur-1536x594.jpg 1536w, https:\/\/www.mvc.de\/wp-content\/uploads\/2020\/08\/mvc-header-videoconferencing-meetings-realpresence-infrastruktur-1500x580.jpg 1500w, https:\/\/www.mvc.de\/wp-content\/uploads\/2020\/08\/mvc-header-videoconferencing-meetings-realpresence-infrastruktur-705x272.jpg 705w, https:\/\/www.mvc.de\/wp-content\/uploads\/2020\/08\/mvc-header-videoconferencing-meetings-realpresence-infrastruktur-450x174.jpg 450w\" sizes=\"(max-width: 1920px) 100vw, 1920px\" \/><div class='av-section-color-overlay' style='opacity: 0.5; background-color: #000000; '><\/div><\/div><\/li><\/ul><\/div><\/div><div id='after_full_slider_1'  class='main_color av_default_container_wrap container_wrap fullsize' style=' '  ><div class='container' ><div class='template-page content  av-content-full alpha units'><div class='post-entry post-entry-type-page post-entry-25042'><div class='entry-content-wrapper clearfix'>\n<div class=\"flex_column av_three_fourth  flex_column_div av-zero-column-padding first  avia-builder-el-1  el_after_av_slideshow_full  el_before_av_one_fourth  avia-builder-el-first  \" style='border-radius:0px; '><section class=\"av_textblock_section \"  itemscope=\"itemscope\" itemtype=\"https:\/\/schema.org\/CreativeWork\" ><div class='avia_textblock  '   itemprop=\"text\" ><p>Ihre Mitarbeiter und Ihre Kunden erwarten von ihnen, dass sie \u00fcberall problemlos interagieren und zusammenarbeiten k\u00f6nnen. Mit der breitesten Palette an Infrastrukturoptionen, die auf Ihre spezifischen Anforderungen zugeschnitten sind, erm\u00f6glichen Ihnen L\u00f6sungen von Poly die Zusammenarbeit mit HD-sprach-, Video-, Content- und Web-Tools mit der gr\u00f6\u00dften Interoperabilit\u00e4t und bietet gleichzeitig ein gro\u00dfartiges Benutzererlebnis auf jedem Ger\u00e4t.<\/p>\n<\/div><\/section><\/div>\n<div class=\"flex_column av_one_fourth  flex_column_div av-zero-column-padding   avia-builder-el-3  el_after_av_three_fourth  el_before_av_hr  \" style='border-radius:0px; '><div  class='avia-image-container  av-styling-    avia-builder-el-4  avia-builder-el-no-sibling  avia-align-center '  itemprop=\"image\" itemscope=\"itemscope\" itemtype=\"https:\/\/schema.org\/ImageObject\"  ><div class='avia-image-container-inner'><div class='avia-image-overlay-wrap'><img loading=\"lazy\" decoding=\"async\" class='wp-image-24615 avia-img-lazy-loading-not-24615 avia_image' src=\"https:\/\/www.mvc.de\/wp-content\/uploads\/2020\/08\/Poly-Partner_polycom.png\" alt='' title='Poly-Partner_polycom' height=\"72\" width=\"180\"  itemprop=\"thumbnailUrl\"  \/><\/div><\/div><\/div><\/div>\n<div  style='height:50px' class='hr hr-invisible   avia-builder-el-5  el_after_av_one_fourth  el_before_av_one_third '><span class='hr-inner ' ><span class='hr-inner-style'><\/span><\/span><\/div>\n<div class=\"flex_column av_one_third  flex_column_div av-zero-column-padding first  avia-builder-el-6  el_after_av_hr  el_before_av_one_third  \" style='background: #eaedf6; background-color:#eaedf6; border-radius:0px; '><p><div  class='avia-image-container  av-styling-    avia-builder-el-7  el_before_av_hr  avia-builder-el-first  avia-align-center '  itemprop=\"image\" itemscope=\"itemscope\" itemtype=\"https:\/\/schema.org\/ImageObject\"  ><div class='avia-image-container-inner'><div class='avia-image-overlay-wrap'><a href='https:\/\/mvc.de\/en\/products\/polycom\/polycom-realpresence-clariti\/' class='avia_image'  ><img loading=\"lazy\" decoding=\"async\" width=\"1030\" height=\"297\" class='wp-image-20004 avia-img-lazy-loading-not-20004 avia_image' src=\"https:\/\/www.mvc.de\/wp-content\/uploads\/2018\/11\/Polycom_Clariti-1030x297.png\" alt='' title='Polycom_Clariti'  itemprop=\"thumbnailUrl\" srcset=\"https:\/\/www.mvc.de\/wp-content\/uploads\/2018\/11\/Polycom_Clariti-1030x297.png 1030w, https:\/\/www.mvc.de\/wp-content\/uploads\/2018\/11\/Polycom_Clariti-300x86.png 300w, https:\/\/www.mvc.de\/wp-content\/uploads\/2018\/11\/Polycom_Clariti-768x221.png 768w, https:\/\/www.mvc.de\/wp-content\/uploads\/2018\/11\/Polycom_Clariti-1500x432.png 1500w, https:\/\/www.mvc.de\/wp-content\/uploads\/2018\/11\/Polycom_Clariti-705x203.png 705w, https:\/\/www.mvc.de\/wp-content\/uploads\/2018\/11\/Polycom_Clariti-450x130.png 450w, https:\/\/www.mvc.de\/wp-content\/uploads\/2018\/11\/Polycom_Clariti.png 1910w\" sizes=\"(max-width: 1030px) 100vw, 1030px\" \/><\/a><\/div><\/div><\/div><br \/>\n<div  style='height:20px' class='hr hr-invisible   avia-builder-el-8  el_after_av_image  el_before_av_textblock '><span class='hr-inner ' ><span class='hr-inner-style'><\/span><\/span><\/div><br \/>\n<section class=\"av_textblock_section \"  itemscope=\"itemscope\" itemtype=\"https:\/\/schema.org\/CreativeWork\" ><div class='avia_textblock  '   itemprop=\"text\" ><h4 style=\"text-align: center;\">RealPresence Clariti<\/h4>\n<\/div><\/section><br \/>\n<section class=\"av_textblock_section \"  itemscope=\"itemscope\" itemtype=\"https:\/\/schema.org\/CreativeWork\" ><div class='avia_textblock  '  style='font-size:14px; '  itemprop=\"text\" ><p style=\"text-align: center;\">Leistungsstarke Collaboration-Software, die Kollegen visuell, von jedem Ger\u00e4t aus und \u00fcberall, verbindet. <a href=\"https:\/\/mvc.de\/produkte\/poly\/polycom-realpresence-clariti\/\">Mehr&#8230;<\/a><\/p>\n<\/div><\/section><br \/>\n<div  style='height:10px' class='hr hr-invisible   avia-builder-el-11  el_after_av_textblock  avia-builder-el-last '><span class='hr-inner ' ><span class='hr-inner-style'><\/span><\/span><\/div><\/p><\/div>\n<div class=\"flex_column av_one_third  flex_column_div av-zero-column-padding   avia-builder-el-12  el_after_av_one_third  el_before_av_one_third  \" style='background: #eaedf6; background-color:#eaedf6; border-radius:0px; '><p><div  class='avia-image-container  av-styling-    avia-builder-el-13  el_before_av_hr  avia-builder-el-first  avia-align-center '  itemprop=\"image\" itemscope=\"itemscope\" itemtype=\"https:\/\/schema.org\/ImageObject\"  ><div class='avia-image-container-inner'><div class='avia-image-overlay-wrap'><a href='https:\/\/mvc.de\/en\/products\/polycom\/polycom-realpresence-distributed-media-application\/' class='avia_image'  ><img loading=\"lazy\" decoding=\"async\" loading=\"lazy\" width=\"1030\" height=\"297\" class='wp-image-20112 avia-img-lazy-loading-not-20112 avia_image' src=\"https:\/\/www.mvc.de\/wp-content\/uploads\/2019\/02\/Polycom_RealPresence_DMA-1030x297.jpg\" alt='' title='Polycom_RealPresence_DMA'  itemprop=\"thumbnailUrl\" srcset=\"https:\/\/www.mvc.de\/wp-content\/uploads\/2019\/02\/Polycom_RealPresence_DMA-1030x297.jpg 1030w, https:\/\/www.mvc.de\/wp-content\/uploads\/2019\/02\/Polycom_RealPresence_DMA-300x86.jpg 300w, https:\/\/www.mvc.de\/wp-content\/uploads\/2019\/02\/Polycom_RealPresence_DMA-768x221.jpg 768w, https:\/\/www.mvc.de\/wp-content\/uploads\/2019\/02\/Polycom_RealPresence_DMA-1500x432.jpg 1500w, https:\/\/www.mvc.de\/wp-content\/uploads\/2019\/02\/Polycom_RealPresence_DMA-705x203.jpg 705w, https:\/\/www.mvc.de\/wp-content\/uploads\/2019\/02\/Polycom_RealPresence_DMA-450x130.jpg 450w, https:\/\/www.mvc.de\/wp-content\/uploads\/2019\/02\/Polycom_RealPresence_DMA.jpg 1910w\" sizes=\"auto, (max-width: 1030px) 100vw, 1030px\" \/><\/a><\/div><\/div><\/div><br \/>\n<div  style='height:20px' class='hr hr-invisible   avia-builder-el-14  el_after_av_image  el_before_av_textblock '><span class='hr-inner ' ><span class='hr-inner-style'><\/span><\/span><\/div><br \/>\n<section class=\"av_textblock_section \"  itemscope=\"itemscope\" itemtype=\"https:\/\/schema.org\/CreativeWork\" ><div class='avia_textblock  '   itemprop=\"text\" ><h4 style=\"text-align: center;\">Distributed Media Application (DMA)<\/h4>\n<\/div><\/section><br \/>\n<section class=\"av_textblock_section \"  itemscope=\"itemscope\" itemtype=\"https:\/\/schema.org\/CreativeWork\" ><div class='avia_textblock  '  style='font-size:14px; '  itemprop=\"text\" ><p style=\"text-align: center;\">Intelligente Anrufsteuerung-Engine zur Verwaltung von Videos \u00fcber die global verteilte Belegschaft hinweg. <a href=\"https:\/\/mvc.de\/produkte\/poly\/polycom-realpresence-distributed-media-application\/\">Mehr&#8230;<\/a><\/p>\n<\/div><\/section><br \/>\n<div  style='height:10px' class='hr hr-invisible   avia-builder-el-17  el_after_av_textblock  avia-builder-el-last '><span class='hr-inner ' ><span class='hr-inner-style'><\/span><\/span><\/div><\/p><\/div>\n<div class=\"flex_column av_one_third  flex_column_div av-zero-column-padding   avia-builder-el-18  el_after_av_one_third  el_before_av_one_third  \" style='background: #eaedf6; background-color:#eaedf6; border-radius:0px; '><p><div  class='avia-image-container  av-styling-    avia-builder-el-19  el_before_av_hr  avia-builder-el-first  avia-align-center '  itemprop=\"image\" itemscope=\"itemscope\" itemtype=\"https:\/\/schema.org\/ImageObject\"  ><div class='avia-image-container-inner'><div class='avia-image-overlay-wrap'><a href='https:\/\/mvc.de\/en\/products\/polycom\/polycom-realpresence-resource-manager\/' class='avia_image'  ><img loading=\"lazy\" decoding=\"async\" loading=\"lazy\" width=\"1030\" height=\"297\" class='wp-image-20111 avia-img-lazy-loading-not-20111 avia_image' src=\"https:\/\/www.mvc.de\/wp-content\/uploads\/2019\/02\/Polycom_RealPresence_Resource_Manager-Header-1030x297.jpg\" alt='' title='Polycom_RealPresence_Resource_Manager Header'  itemprop=\"thumbnailUrl\" srcset=\"https:\/\/www.mvc.de\/wp-content\/uploads\/2019\/02\/Polycom_RealPresence_Resource_Manager-Header-1030x297.jpg 1030w, https:\/\/www.mvc.de\/wp-content\/uploads\/2019\/02\/Polycom_RealPresence_Resource_Manager-Header-300x86.jpg 300w, https:\/\/www.mvc.de\/wp-content\/uploads\/2019\/02\/Polycom_RealPresence_Resource_Manager-Header-768x221.jpg 768w, https:\/\/www.mvc.de\/wp-content\/uploads\/2019\/02\/Polycom_RealPresence_Resource_Manager-Header-1500x432.jpg 1500w, https:\/\/www.mvc.de\/wp-content\/uploads\/2019\/02\/Polycom_RealPresence_Resource_Manager-Header-705x203.jpg 705w, https:\/\/www.mvc.de\/wp-content\/uploads\/2019\/02\/Polycom_RealPresence_Resource_Manager-Header-450x130.jpg 450w, https:\/\/www.mvc.de\/wp-content\/uploads\/2019\/02\/Polycom_RealPresence_Resource_Manager-Header.jpg 1910w\" sizes=\"auto, (max-width: 1030px) 100vw, 1030px\" \/><\/a><\/div><\/div><\/div><br \/>\n<div  style='height:20px' class='hr hr-invisible   avia-builder-el-20  el_after_av_image  el_before_av_textblock '><span class='hr-inner ' ><span class='hr-inner-style'><\/span><\/span><\/div><br \/>\n<section class=\"av_textblock_section \"  itemscope=\"itemscope\" itemtype=\"https:\/\/schema.org\/CreativeWork\" ><div class='avia_textblock  '   itemprop=\"text\" ><h4 style=\"text-align: center;\">RealPresence Resource Manager<\/h4>\n<\/div><\/section><br \/>\n<section class=\"av_textblock_section \"  itemscope=\"itemscope\" itemtype=\"https:\/\/schema.org\/CreativeWork\" ><div class='avia_textblock  '  style='font-size:14px; '  itemprop=\"text\" ><p style=\"text-align: center;\">Ger\u00e4teverwaltung f\u00fcr die Zusammenarbeit von Mitarbeitern im Unternehmen. <a href=\"https:\/\/mvc.de\/produkte\/poly\/polycom-realpresence-resource-manager\/\">Mehr..<\/a><\/p>\n<\/div><\/section><br \/>\n<div  style='height:10px' class='hr hr-invisible   avia-builder-el-23  el_after_av_textblock  avia-builder-el-last '><span class='hr-inner ' ><span class='hr-inner-style'><\/span><\/span><\/div><\/p><\/div>\n<div class=\"flex_column av_one_third  flex_column_div av-zero-column-padding first  avia-builder-el-24  el_after_av_one_third  el_before_av_one_third  column-top-margin\" style='background: #eaedf6; background-color:#eaedf6; border-radius:0px; '><p><div  class='avia-image-container  av-styling-    avia-builder-el-25  el_before_av_hr  avia-builder-el-first  avia-align-center '  itemprop=\"image\" itemscope=\"itemscope\" itemtype=\"https:\/\/schema.org\/ImageObject\"  ><div class='avia-image-container-inner'><div class='avia-image-overlay-wrap'><img loading=\"lazy\" decoding=\"async\" loading=\"lazy\" class='wp-image-19962 avia-img-lazy-loading-not-19962 avia_image' src=\"https:\/\/www.mvc.de\/wp-content\/uploads\/2018\/10\/Polycom_Eagle-Eye-Producer-1030x297.png\" alt='' title='Polycom_Eagle Eye Producer' height=\"297\" width=\"1030\"  itemprop=\"thumbnailUrl\" srcset=\"https:\/\/www.mvc.de\/wp-content\/uploads\/2018\/10\/Polycom_Eagle-Eye-Producer-1030x297.png 1030w, https:\/\/www.mvc.de\/wp-content\/uploads\/2018\/10\/Polycom_Eagle-Eye-Producer-300x86.png 300w, https:\/\/www.mvc.de\/wp-content\/uploads\/2018\/10\/Polycom_Eagle-Eye-Producer-768x221.png 768w, https:\/\/www.mvc.de\/wp-content\/uploads\/2018\/10\/Polycom_Eagle-Eye-Producer-1500x432.png 1500w, https:\/\/www.mvc.de\/wp-content\/uploads\/2018\/10\/Polycom_Eagle-Eye-Producer-705x203.png 705w, https:\/\/www.mvc.de\/wp-content\/uploads\/2018\/10\/Polycom_Eagle-Eye-Producer-450x130.png 450w, https:\/\/www.mvc.de\/wp-content\/uploads\/2018\/10\/Polycom_Eagle-Eye-Producer.png 1910w\" sizes=\"auto, (max-width: 1030px) 100vw, 1030px\" \/><\/div><\/div><\/div><br \/>\n<div  style='height:20px' class='hr hr-invisible   avia-builder-el-26  el_after_av_image  el_before_av_textblock '><span class='hr-inner ' ><span class='hr-inner-style'><\/span><\/span><\/div><br \/>\n<section class=\"av_textblock_section \"  itemscope=\"itemscope\" itemtype=\"https:\/\/schema.org\/CreativeWork\" ><div class='avia_textblock  '   itemprop=\"text\" ><h4 style=\"text-align: center;\">\u00a0RealPresence\u00a0Collaboration Server<\/h4>\n<\/div><\/section><br \/>\n<section class=\"av_textblock_section \"  itemscope=\"itemscope\" itemtype=\"https:\/\/schema.org\/CreativeWork\" ><div class='avia_textblock  '  style='font-size:14px; '  itemprop=\"text\" ><p style=\"text-align: center;\">RealPresence Collaboration Server verbindet Menschen an mehreren Standorten, sodass sie sich \u00fcber neue Ideen von Angesicht zu Angesicht austauschen k\u00f6nnen.<\/p>\n<\/div><\/section><br \/>\n<div  style='height:10px' class='hr hr-invisible   avia-builder-el-29  el_after_av_textblock  avia-builder-el-last '><span class='hr-inner ' ><span class='hr-inner-style'><\/span><\/span><\/div><\/p><\/div>\n<div class=\"flex_column av_one_third  flex_column_div av-zero-column-padding   avia-builder-el-30  el_after_av_one_third  avia-builder-el-last  column-top-margin\" style='background: #eaedf6; background-color:#eaedf6; border-radius:0px; '><p><div  class='avia-image-container  av-styling-    avia-builder-el-31  el_before_av_hr  avia-builder-el-first  avia-align-center '  itemprop=\"image\" itemscope=\"itemscope\" itemtype=\"https:\/\/schema.org\/ImageObject\"  ><div class='avia-image-container-inner'><div class='avia-image-overlay-wrap'><a href='https:\/\/mvc.de\/en\/products\/polycom\/polycom-realpresence-websuite\/' class='avia_image'  ><img loading=\"lazy\" decoding=\"async\" loading=\"lazy\" width=\"1030\" height=\"297\" class='wp-image-19960 avia-img-lazy-loading-not-19960 avia_image' src=\"https:\/\/www.mvc.de\/wp-content\/uploads\/2018\/10\/Polycom_RealPresence-WebSuit-1030x297.png\" alt='' title='Polycom_RealPresence WebSuit'  itemprop=\"thumbnailUrl\" srcset=\"https:\/\/www.mvc.de\/wp-content\/uploads\/2018\/10\/Polycom_RealPresence-WebSuit-1030x297.png 1030w, https:\/\/www.mvc.de\/wp-content\/uploads\/2018\/10\/Polycom_RealPresence-WebSuit-300x86.png 300w, https:\/\/www.mvc.de\/wp-content\/uploads\/2018\/10\/Polycom_RealPresence-WebSuit-768x221.png 768w, https:\/\/www.mvc.de\/wp-content\/uploads\/2018\/10\/Polycom_RealPresence-WebSuit-1500x432.png 1500w, https:\/\/www.mvc.de\/wp-content\/uploads\/2018\/10\/Polycom_RealPresence-WebSuit-705x203.png 705w, https:\/\/www.mvc.de\/wp-content\/uploads\/2018\/10\/Polycom_RealPresence-WebSuit-450x130.png 450w, https:\/\/www.mvc.de\/wp-content\/uploads\/2018\/10\/Polycom_RealPresence-WebSuit.png 1910w\" sizes=\"auto, (max-width: 1030px) 100vw, 1030px\" \/><\/a><\/div><\/div><\/div><br \/>\n<div  style='height:20px' class='hr hr-invisible   avia-builder-el-32  el_after_av_image  el_before_av_textblock '><span class='hr-inner ' ><span class='hr-inner-style'><\/span><\/span><\/div><br \/>\n<section class=\"av_textblock_section \"  itemscope=\"itemscope\" itemtype=\"https:\/\/schema.org\/CreativeWork\" ><div class='avia_textblock  '   itemprop=\"text\" ><h4 style=\"text-align: center;\">RealPresence WebSuite<\/h4>\n<\/div><\/section><br \/>\n<section class=\"av_textblock_section \"  itemscope=\"itemscope\" itemtype=\"https:\/\/schema.org\/CreativeWork\" ><div class='avia_textblock  '  style='font-size:14px; '  itemprop=\"text\" ><p style=\"text-align: center;\">RealPresence WebSuite ist eine leistungsstarke, unternehmensgerechte Videoanwendung f\u00fcr PC und Mac. Die Software erweitert die visuelle Kommunikation \u00fcber einen leicht zug\u00e4nglichen Webbrowser auf mobile Manager. <a href=\"https:\/\/mvc.de\/produkte\/poly\/polycom-realpresence-websuite\/\">Mehr&#8230;<\/a><\/p>\n<\/div><\/section><br \/>\n<div  style='height:10px' class='hr hr-invisible   avia-builder-el-35  el_after_av_textblock  avia-builder-el-last '><span class='hr-inner ' ><span class='hr-inner-style'><\/span><\/span><\/div><\/p><\/div>\n","protected":false},"excerpt":{"rendered":"","protected":false},"author":1,"featured_media":0,"parent":20298,"menu_order":0,"comment_status":"closed","ping_status":"closed","template":"","meta":{"footnotes":""},"class_list":["post-25042","page","type-page","status-publish","hentry"],"yoast_head":"<!-- This site is optimized with the Yoast SEO plugin v25.5 - https:\/\/yoast.com\/wordpress\/plugins\/seo\/ -->\n<title>Poly Infrastructure - MVC Mobile VideoCommunication GmbH<\/title>\n<meta name=\"robots\" content=\"index, follow, max-snippet:-1, max-image-preview:large, max-video-preview:-1\" \/>\n<link rel=\"canonical\" href=\"https:\/\/www.mvc.de\/en\/products\/poly-infrastructure\/\" \/>\n<meta property=\"og:locale\" content=\"en_US\" \/>\n<meta property=\"og:type\" content=\"article\" \/>\n<meta property=\"og:title\" content=\"Poly Infrastructure - MVC Mobile VideoCommunication GmbH\" \/>\n<meta property=\"og:url\" content=\"https:\/\/www.mvc.de\/en\/products\/poly-infrastructure\/\" \/>\n<meta property=\"og:site_name\" content=\"MVC Mobile VideoCommunication GmbH\" \/>\n<meta property=\"article:publisher\" content=\"https:\/\/www.facebook.com\/MVC.VideoCommunication\/\" \/>\n<meta property=\"article:modified_time\" content=\"2020-08-15T14:48:35+00:00\" \/>\n<meta property=\"og:image\" content=\"https:\/\/www.mvc.de\/wp-content\/uploads\/2021\/03\/MVC_Unternehmen_TS_09045-scaled.jpg\" \/>\n\t<meta property=\"og:image:width\" content=\"1920\" \/>\n\t<meta property=\"og:image:height\" content=\"1280\" \/>\n\t<meta property=\"og:image:type\" content=\"image\/jpeg\" \/>\n<meta name=\"twitter:card\" content=\"summary_large_image\" \/>\n<meta name=\"twitter:site\" content=\"@mvc_video\" \/>\n<meta name=\"twitter:label1\" content=\"Est. reading time\" \/>\n\t<meta name=\"twitter:data1\" content=\"12 minutes\" \/>\n<!-- \/ Yoast SEO plugin. -->","yoast_head_json":{"title":"Poly Infrastructure - MVC Mobile VideoCommunication GmbH","robots":{"index":"index","follow":"follow","max-snippet":"max-snippet:-1","max-image-preview":"max-image-preview:large","max-video-preview":"max-video-preview:-1"},"canonical":"https:\/\/www.mvc.de\/en\/products\/poly-infrastructure\/","og_locale":"en_US","og_type":"article","og_title":"Poly Infrastructure - MVC Mobile VideoCommunication GmbH","og_url":"https:\/\/www.mvc.de\/en\/products\/poly-infrastructure\/","og_site_name":"MVC Mobile VideoCommunication GmbH","article_publisher":"https:\/\/www.facebook.com\/MVC.VideoCommunication\/","article_modified_time":"2020-08-15T14:48:35+00:00","og_image":[{"width":1920,"height":1280,"url":"https:\/\/www.mvc.de\/wp-content\/uploads\/2021\/03\/MVC_Unternehmen_TS_09045-scaled.jpg","type":"image\/jpeg"}],"twitter_card":"summary_large_image","twitter_site":"@mvc_video","twitter_misc":{"Est. reading time":"12 minutes"},"schema":{"@context":"https:\/\/schema.org","@graph":[{"@type":"WebPage","@id":"https:\/\/www.mvc.de\/en\/products\/poly-infrastructure\/","url":"https:\/\/www.mvc.de\/en\/products\/poly-infrastructure\/","name":"Poly Infrastructure - MVC Mobile VideoCommunication GmbH","isPartOf":{"@id":"https:\/\/www.mvc.de\/en\/#website"},"datePublished":"2020-08-15T14:48:34+00:00","dateModified":"2020-08-15T14:48:35+00:00","breadcrumb":{"@id":"https:\/\/www.mvc.de\/en\/products\/poly-infrastructure\/#breadcrumb"},"inLanguage":"en-US","potentialAction":[{"@type":"ReadAction","target":["https:\/\/www.mvc.de\/en\/products\/poly-infrastructure\/"]}]},{"@type":"BreadcrumbList","@id":"https:\/\/www.mvc.de\/en\/products\/poly-infrastructure\/#breadcrumb","itemListElement":[{"@type":"ListItem","position":1,"name":"Startseite","item":"https:\/\/www.mvc.de\/en\/"},{"@type":"ListItem","position":2,"name":"Products","item":"https:\/\/www.mvc.de\/en\/products\/"},{"@type":"ListItem","position":3,"name":"Poly Infrastructure"}]},{"@type":"WebSite","@id":"https:\/\/www.mvc.de\/en\/#website","url":"https:\/\/www.mvc.de\/en\/","name":"MVC Mobile VideoCommunication GmbH","description":"Komplettanbieter von UCC-L\u00f6sungen","publisher":{"@id":"https:\/\/www.mvc.de\/en\/#organization"},"potentialAction":[{"@type":"SearchAction","target":{"@type":"EntryPoint","urlTemplate":"https:\/\/www.mvc.de\/en\/?s={search_term_string}"},"query-input":{"@type":"PropertyValueSpecification","valueRequired":true,"valueName":"search_term_string"}}],"inLanguage":"en-US"},{"@type":"Organization","@id":"https:\/\/www.mvc.de\/en\/#organization","name":"MVC Mobile VideoCommunication GmbH","url":"https:\/\/www.mvc.de\/en\/","logo":{"@type":"ImageObject","inLanguage":"en-US","@id":"https:\/\/www.mvc.de\/en\/#\/schema\/logo\/image\/","url":"https:\/\/www.mvc.de\/wp-content\/uploads\/2018\/08\/mvc_logo_rgb_blue-e1534945352748.png","contentUrl":"https:\/\/www.mvc.de\/wp-content\/uploads\/2018\/08\/mvc_logo_rgb_blue-e1534945352748.png","width":92,"height":31,"caption":"MVC Mobile VideoCommunication GmbH"},"image":{"@id":"https:\/\/www.mvc.de\/en\/#\/schema\/logo\/image\/"},"sameAs":["https:\/\/www.facebook.com\/MVC.VideoCommunication\/","https:\/\/x.com\/mvc_video","https:\/\/www.instagram.com\/mvc_mobilevideocommunication\/","https:\/\/de.linkedin.com\/company\/mvc-mobile-videocommunication-gmbh","https:\/\/www.youtube.com\/user\/Videokonferenzen"]}]}},"_links":{"self":[{"href":"https:\/\/www.mvc.de\/en\/wp-json\/wp\/v2\/pages\/25042","targetHints":{"allow":["GET"]}}],"collection":[{"href":"https:\/\/www.mvc.de\/en\/wp-json\/wp\/v2\/pages"}],"about":[{"href":"https:\/\/www.mvc.de\/en\/wp-json\/wp\/v2\/types\/page"}],"author":[{"embeddable":true,"href":"https:\/\/www.mvc.de\/en\/wp-json\/wp\/v2\/users\/1"}],"replies":[{"embeddable":true,"href":"https:\/\/www.mvc.de\/en\/wp-json\/wp\/v2\/comments?post=25042"}],"version-history":[{"count":1,"href":"https:\/\/www.mvc.de\/en\/wp-json\/wp\/v2\/pages\/25042\/revisions"}],"predecessor-version":[{"id":25043,"href":"https:\/\/www.mvc.de\/en\/wp-json\/wp\/v2\/pages\/25042\/revisions\/25043"}],"up":[{"embeddable":true,"href":"https:\/\/www.mvc.de\/en\/wp-json\/wp\/v2\/pages\/20298"}],"wp:attachment":[{"href":"https:\/\/www.mvc.de\/en\/wp-json\/wp\/v2\/media?parent=25042"}],"curies":[{"name":"wp","href":"https:\/\/api.w.org\/{rel}","templated":true}]}}